{"id":57,"date":"2016-09-14T13:27:37","date_gmt":"2016-09-14T13:27:37","guid":{"rendered":"http:\/\/themes.muffingroup.com\/be\/logistics\/?page_id=26"},"modified":"2023-10-12T10:32:47","modified_gmt":"2023-10-12T08:32:47","slug":"contact","status":"publish","type":"page","link":"https:\/\/c-con.org\/?page_id=57","title":{"rendered":"Impressum"},"content":{"rendered":"\n<h1>Impressum<\/h1>\n<p>C-Con GmbH &amp; Co. KG<br>Fron\u00e4ckerstrasse 50<br>D-71063 Sindelfingen<br>Tel: 07031 795-315<br>info@c-con.org<\/p>\n<p>&nbsp;<\/p>\n<div class=\"fusion-row\">\n<div id=\"content\">\n<div id=\"post-9266\" class=\"post-9266 page type-page status-publish hentry\">\n<div class=\"post-content\">\n<div class=\"fusion-fullwidth fullwidth-box fusion-fullwidth-1 fusion-parallax-none nonhundred-percent-fullwidth\">\n<div class=\"fusion-row\">\n<div class=\"std\">\n<p>Vertretungsberechtigter Gesch\u00e4ftsf\u00fchrer: Isabell Georgii<\/p>\n<p>Registergericht: Amtsgericht Stuttgart<br>Registernummer: HRA&nbsp;729305<\/p>\n<p>Umsatzsteuer Identifikationnummer: DE293134683<\/p>\n<p>Inhaltlich Verantwortlicher: Isabel Georgii<\/p>\n<p>Haftungshinweis:<br>Trotz sorgf\u00e4ltiger Kontrolle \u00fcbernehmen wir keine Haftung f\u00fcr Inhalte externer Links. F\u00fcr den Inhalt der verlinkten Seiten sind ausschlie\u00dflich deren Betreiber verantwortlich.<\/p>\n<\/div>\n<\/div>\n<\/div>\n<\/div>\n<\/div>\n<\/div>\n<\/div>\n","protected":false},"excerpt":{"rendered":"<p>Impressum C-Con GmbH &amp; Co. KGFron\u00e4ckerstrasse 50D-71063 SindelfingenTel: 07031 795-315info@c-con.org &nbsp; Vertretungsberechtigter Gesch\u00e4ftsf\u00fchrer: Isabell Georgii Registergericht: Amtsgericht StuttgartRegisternummer: HRA&nbsp;729305 Umsatzsteuer Identifikationnummer: DE293134683 Inhaltlich Verantwortlicher: Isabel Georgii Haftungshinweis:Trotz sorgf\u00e4ltiger Kontrolle \u00fcbernehmen wir keine Haftung f\u00fcr Inhalte externer Links. F\u00fcr den Inhalt der verlinkten Seiten sind ausschlie\u00dflich deren Betreiber verantwortlich.<\/p>\n","protected":false},"author":1,"featured_media":0,"parent":0,"menu_order":0,"comment_status":"closed","ping_status":"closed","template":"","meta":{"footnotes":""},"class_list":["post-57","page","type-page","status-publish","hentry"],"_links":{"self":[{"href":"https:\/\/c-con.org\/index.php?rest_route=\/wp\/v2\/pages\/57","targetHints":{"allow":["GET"]}}],"collection":[{"href":"https:\/\/c-con.org\/index.php?rest_route=\/wp\/v2\/pages"}],"about":[{"href":"https:\/\/c-con.org\/index.php?rest_route=\/wp\/v2\/types\/page"}],"author":[{"embeddable":true,"href":"https:\/\/c-con.org\/index.php?rest_route=\/wp\/v2\/users\/1"}],"replies":[{"embeddable":true,"href":"https:\/\/c-con.org\/index.php?rest_route=%2Fwp%2Fv2%2Fcomments&post=57"}],"version-history":[{"count":10,"href":"https:\/\/c-con.org\/index.php?rest_route=\/wp\/v2\/pages\/57\/revisions"}],"predecessor-version":[{"id":756,"href":"https:\/\/c-con.org\/index.php?rest_route=\/wp\/v2\/pages\/57\/revisions\/756"}],"wp:attachment":[{"href":"https:\/\/c-con.org\/index.php?rest_route=%2Fwp%2Fv2%2Fmedia&parent=57"}],"curies":[{"name":"wp","href":"https:\/\/api.w.org\/{rel}","templated":true}]}}