{"id":330,"date":"2017-06-17T13:34:05","date_gmt":"2017-06-17T11:34:05","guid":{"rendered":"http:\/\/c-con.org\/?page_id=330"},"modified":"2026-03-16T15:59:28","modified_gmt":"2026-03-16T14:59:28","slug":"ueber-basalt","status":"publish","type":"page","link":"https:\/\/c-con.org\/?page_id=330","title":{"rendered":"\u00dcber Basalt"},"content":{"rendered":"\n\t<section class=\"section has-parallax\" id=\"section_813467521\">\n\t\t<div class=\"bg section-bg fill bg-fill  bg-loaded\" data-parallax-container=\".section\" data-parallax-background data-parallax=\"-10\">\n\n\t\t\t\n\t\t\t\n\t\t\t\n\n\t\t<\/div><!-- .section-bg -->\n\n\t\t<div class=\"section-content relative\">\n\t\t\t\n\n<div class=\"row align-middle\"  id=\"row-388037351\">\n\n<div class=\"col medium-2 small-12 large-2\"  ><div class=\"col-inner\"  >\n\n\n<\/div><\/div>\n<div class=\"col medium-7 small-12 large-7\"  ><div class=\"col-inner\"  >\n\n<p><span style=\"color: #000000; font-size: 150%;\"><strong>Basaltfasern<\/strong><\/span><\/p>\n<p><span style=\"font-size: 110%;\"><span style=\"color: #000000;\">Basaltfasern sind d\u00fcnne Fasern aus Lavagestein. Der Faserdurchmesser betr\u00e4gt \u00fcblicherweise zwischen 17 und 21 Mikrometern. Im Gegensatz zu den chemisch \u00e4hnlichen Glasfasern werden die Fasern ohne chemische Einzelkomponenten aus reinem Lavagestein durch Aufschmelzen auf ca. 1450 Grad und anschlie\u00dfendem Pressen durch sehr feine Platind\u00fcsen hergestellt. Die technischen Eigenschaften sind in vielen Bereichen besser als bei E-Glasfasern oder AR-Glasfasern, z.B. betreffend <br><\/span><span style=\"color: #000000;\">die um 150 Grad h\u00f6here Temperaturfestigkeit im Vergleich zu E-Glasfasern.<\/span><\/span><\/p>\n<p><strong><span style=\"color: #000000; font-size: 110%;\">Basaltfasern sind nachhaltig und sortenrein. <\/span><\/strong><\/p>\n<p><span style=\"color: #000000; font-size: 110%;\">Der Energieverbrauch von Basaltfasern ist um mehr als 80% niedriger als der von Carbonfasern und um 30% niedriger als E-Glasfasern. In Beton sind sie vollst\u00e4ndig rezyklierbar.<\/span><\/p>\n<p><span style=\"color: #000000; font-size: 110%;\"><strong>Basaltfasern sind stark.<\/strong><\/span><\/p>\n<p><span style=\"color: #000000; font-size: 110%;\">Die Fasern sind vollst\u00e4ndig amorph und haben daher im Gegensatz zu Carbonfasern neben der hohen Zugfestigkeit auch eine sehr hohe Druckfestigkeit.<\/span><br><span style=\"font-size: 110%;\"><span style=\"color: #000000;\">Die Zugfestigkeit ist mit &gt; 3.000 MPa 6 mal h\u00f6her als bei Baustahl mit 500 MPa.<\/span><\/span><\/p>\n<p><strong><span style=\"font-size: 110%;\"><span style=\"color: #000000;\">Basaltfasern sind robust.<\/span><\/span><\/strong><\/p>\n<p><span style=\"font-size: 110%;\"><span style=\"color: #000000;\">Basaltfasern besitzen eine sehr gute chemische Best\u00e4ndigkeit gegen starke S\u00e4uren und Laugen sowie gegen L\u00f6sungsmittel. <\/span><\/span><br><span style=\"color: #000000; font-size: 110%;\">Selbstverst\u00e4ndlich ist das Material von Natur aus inert gegen\u00fcber Korrosion, UV-Strahlung und biologischen Einwirkungen.<\/span><\/p>\n\n<\/div><\/div>\n<div class=\"col medium-2 small-12 large-2\"  ><div class=\"col-inner\"  >\n\n\n<\/div><\/div>\n<div class=\"col medium-2 small-12 large-2\"  ><div class=\"col-inner\"  >\n\n\n<\/div><\/div>\n<div class=\"col medium-4 small-12 large-4\"  ><div class=\"col-inner\"  >\n\n\t<div class=\"img has-hover x md-x lg-x y md-y lg-y\" id=\"image_853816337\">\n\t\t\t\t\t\t\t\t<div class=\"img-inner dark\" >\n\t\t\t<img loading=\"lazy\" decoding=\"async\" width=\"961\" height=\"1024\" src=\"https:\/\/c-con.org\/wp-content\/uploads\/2017\/06\/basalt-004-1-961x1024.jpg\" class=\"attachment-large size-large\" alt=\"\" srcset=\"https:\/\/c-con.org\/wp-content\/uploads\/2017\/06\/basalt-004-1-961x1024.jpg 961w, https:\/\/c-con.org\/wp-content\/uploads\/2017\/06\/basalt-004-1-282x300.jpg 282w, https:\/\/c-con.org\/wp-content\/uploads\/2017\/06\/basalt-004-1-768x818.jpg 768w\" sizes=\"auto, (max-width: 961px) 100vw, 961px\" \/>\t\t\t\t\t\t\n\t\t\t\t\t<\/div>\n\t\t\t\t\t\t\t\t\n<style scope=\"scope\">\n\n#image_853816337 {\n  width: 78%;\n}\n<\/style>\n\t<\/div>\n\t\n\n\n<\/div><\/div>\n<div class=\"col medium-5 small-12 large-5\"  ><div class=\"col-inner\"  >\n\n\n<\/div><\/div>\n<div class=\"col medium-2 small-12 large-2\"  ><div class=\"col-inner\"  >\n\n\n<\/div><\/div>\n<div class=\"col medium-6 small-12 large-6\"  ><div class=\"col-inner\"  >\n\n\t<div class=\"img has-hover x md-x lg-x y md-y lg-y\" id=\"image_1513645698\">\n\t\t\t\t\t\t\t\t<div class=\"img-inner dark\" >\n\t\t\t<img loading=\"lazy\" decoding=\"async\" width=\"752\" height=\"452\" src=\"https:\/\/c-con.org\/wp-content\/uploads\/2017\/06\/Grafik-Zugfestigkeit-Basalt.png\" class=\"attachment-large size-large\" alt=\"\" srcset=\"https:\/\/c-con.org\/wp-content\/uploads\/2017\/06\/Grafik-Zugfestigkeit-Basalt.png 752w, https:\/\/c-con.org\/wp-content\/uploads\/2017\/06\/Grafik-Zugfestigkeit-Basalt-300x180.png 300w\" sizes=\"auto, (max-width: 752px) 100vw, 752px\" \/>\t\t\t\t\t\t\n\t\t\t\t\t<\/div>\n\t\t\t\t\t\t\t\t\n<style scope=\"scope\">\n\n#image_1513645698 {\n  width: 100%;\n}\n<\/style>\n\t<\/div>\n\t\n\n\n<\/div><\/div>\n<div class=\"col medium-3 small-12 large-3\"  ><div class=\"col-inner\"  >\n\n\n<\/div><\/div>\n<div class=\"col medium-2 small-12 large-2\"  ><div class=\"col-inner\"  >\n\n\n<\/div><\/div>\n<div class=\"col medium-6 small-12 large-6\"  ><div class=\"col-inner\"  >\n\n\t<div class=\"img has-hover x md-x lg-x y md-y lg-y\" id=\"image_44584097\">\n\t\t\t\t\t\t\t\t<div class=\"img-inner dark\" >\n\t\t\t<img loading=\"lazy\" decoding=\"async\" width=\"752\" height=\"452\" src=\"https:\/\/c-con.org\/wp-content\/uploads\/2017\/06\/Grafik-Steifigkeit-Basalt.png\" class=\"attachment-large size-large\" alt=\"\" srcset=\"https:\/\/c-con.org\/wp-content\/uploads\/2017\/06\/Grafik-Steifigkeit-Basalt.png 752w, https:\/\/c-con.org\/wp-content\/uploads\/2017\/06\/Grafik-Steifigkeit-Basalt-300x180.png 300w\" sizes=\"auto, (max-width: 752px) 100vw, 752px\" \/>\t\t\t\t\t\t\n\t\t\t\t\t<\/div>\n\t\t\t\t\t\t\t\t\n<style scope=\"scope\">\n\n#image_44584097 {\n  width: 100%;\n}\n<\/style>\n\t<\/div>\n\t\n\n<div class=\"slider-wrapper relative\" id=\"slider-152396393\" >\n    <div class=\"slider slider-nav-circle slider-nav-normal slider-nav-light slider-style-shadow\"\n        data-flickity-options='{\n            \"cellAlign\": \"center\",\n            \"imagesLoaded\": true,\n            \"lazyLoad\": 1,\n            \"freeScroll\": false,\n            \"wrapAround\": true,\n            \"autoPlay\": 3000,\n            \"pauseAutoPlayOnHover\" : true,\n            \"prevNextButtons\": true,\n            \"contain\" : true,\n            \"adaptiveHeight\" : true,\n            \"dragThreshold\" : 10,\n            \"percentPosition\": true,\n            \"pageDots\": true,\n            \"rightToLeft\": false,\n            \"draggable\": true,\n            \"selectedAttraction\": 0.1,\n            \"parallax\" : 0,\n            \"friction\": 0.6        }'\n        >\n        \n\n\t<div class=\"img has-hover x md-x lg-x y md-y lg-y\" id=\"image_1450573333\">\n\t\t\t\t\t\t\t\t<div class=\"img-inner dark\" >\n\t\t\t<img loading=\"lazy\" decoding=\"async\" width=\"640\" height=\"426\" src=\"https:\/\/c-con.org\/wp-content\/uploads\/2017\/06\/Lavasteine.jpg\" class=\"attachment-large size-large\" alt=\"\" srcset=\"https:\/\/c-con.org\/wp-content\/uploads\/2017\/06\/Lavasteine.jpg 640w, https:\/\/c-con.org\/wp-content\/uploads\/2017\/06\/Lavasteine-300x200.jpg 300w\" sizes=\"auto, (max-width: 640px) 100vw, 640px\" \/>\t\t\t\t\t\t\n\t\t\t\t\t<\/div>\n\t\t\t\t\t\t\t\t\n<style scope=\"scope\">\n\n#image_1450573333 {\n  width: 59%;\n}\n<\/style>\n\t<\/div>\n\t\n\n\t<div class=\"img has-hover x md-x lg-x y md-y lg-y\" id=\"image_1184163457\">\n\t\t\t\t\t\t\t\t<div class=\"img-inner dark\" >\n\t\t\t<img loading=\"lazy\" decoding=\"async\" width=\"1020\" height=\"680\" src=\"https:\/\/c-con.org\/wp-content\/uploads\/2017\/06\/Rockfiber-112-1024x683.jpg\" class=\"attachment-large size-large\" alt=\"\" srcset=\"https:\/\/c-con.org\/wp-content\/uploads\/2017\/06\/Rockfiber-112-1024x683.jpg 1024w, https:\/\/c-con.org\/wp-content\/uploads\/2017\/06\/Rockfiber-112-300x200.jpg 300w, https:\/\/c-con.org\/wp-content\/uploads\/2017\/06\/Rockfiber-112-768x512.jpg 768w\" sizes=\"auto, (max-width: 1020px) 100vw, 1020px\" \/>\t\t\t\t\t\t\n\t\t\t\t\t<\/div>\n\t\t\t\t\t\t\t\t\n<style scope=\"scope\">\n\n#image_1184163457 {\n  width: 100%;\n}\n<\/style>\n\t<\/div>\n\t\n\n\t<div class=\"img has-hover x md-x lg-x y md-y lg-y\" id=\"image_1957906146\">\n\t\t\t\t\t\t\t\t<div class=\"img-inner dark\" >\n\t\t\t<img loading=\"lazy\" decoding=\"async\" width=\"1020\" height=\"680\" src=\"https:\/\/c-con.org\/wp-content\/uploads\/2017\/06\/Rockfiber-071-1024x683.jpg\" class=\"attachment-large size-large\" alt=\"\" srcset=\"https:\/\/c-con.org\/wp-content\/uploads\/2017\/06\/Rockfiber-071-1024x683.jpg 1024w, https:\/\/c-con.org\/wp-content\/uploads\/2017\/06\/Rockfiber-071-300x200.jpg 300w, https:\/\/c-con.org\/wp-content\/uploads\/2017\/06\/Rockfiber-071-768x512.jpg 768w\" sizes=\"auto, (max-width: 1020px) 100vw, 1020px\" \/>\t\t\t\t\t\t\n\t\t\t\t\t<\/div>\n\t\t\t\t\t\t\t\t\n<style scope=\"scope\">\n\n#image_1957906146 {\n  width: 100%;\n}\n<\/style>\n\t<\/div>\n\t\n\n\t<div class=\"img has-hover x md-x lg-x y md-y lg-y\" id=\"image_237702593\">\n\t\t\t\t\t\t\t\t<div class=\"img-inner dark\" >\n\t\t\t<img loading=\"lazy\" decoding=\"async\" width=\"1020\" height=\"680\" src=\"https:\/\/c-con.org\/wp-content\/uploads\/2017\/06\/Rockfiber-076-1024x683.jpg\" class=\"attachment-large size-large\" alt=\"\" srcset=\"https:\/\/c-con.org\/wp-content\/uploads\/2017\/06\/Rockfiber-076-1024x683.jpg 1024w, https:\/\/c-con.org\/wp-content\/uploads\/2017\/06\/Rockfiber-076-300x200.jpg 300w, https:\/\/c-con.org\/wp-content\/uploads\/2017\/06\/Rockfiber-076-768x512.jpg 768w\" sizes=\"auto, (max-width: 1020px) 100vw, 1020px\" \/>\t\t\t\t\t\t\n\t\t\t\t\t<\/div>\n\t\t\t\t\t\t\t\t\n<style scope=\"scope\">\n\n#image_237702593 {\n  width: 100%;\n}\n<\/style>\n\t<\/div>\n\t\n\n\n     <\/div>\n\n     <div class=\"loading-spin dark large centered\"><\/div>\n\n     <style scope=\"scope\">\n                    #slider-152396393 .flickity-slider > *{ max-width: 500px!important;\n              <\/style>\n<\/div><!-- .ux-slider-wrapper -->\n\n\n\n<\/div><\/div>\n\n\n<style scope=\"scope\">\n\n<\/style>\n<\/div>\n<div class=\"row row-box-shadow-3\"  id=\"row-1905366587\">\n\n\n\n<style scope=\"scope\">\n\n<\/style>\n<\/div>\n\n\t\t<\/div><!-- .section-content -->\n\n\t\t\n<style scope=\"scope\">\n\n#section_813467521 {\n  padding-top: 30px;\n  padding-bottom: 30px;\n}\n<\/style>\n\t<\/section>\n\t\n","protected":false},"excerpt":{"rendered":"","protected":false},"author":2,"featured_media":0,"parent":0,"menu_order":0,"comment_status":"closed","ping_status":"closed","template":"","meta":{"footnotes":""},"class_list":["post-330","page","type-page","status-publish","hentry"],"_links":{"self":[{"href":"https:\/\/c-con.org\/index.php?rest_route=\/wp\/v2\/pages\/330","targetHints":{"allow":["GET"]}}],"collection":[{"href":"https:\/\/c-con.org\/index.php?rest_route=\/wp\/v2\/pages"}],"about":[{"href":"https:\/\/c-con.org\/index.php?rest_route=\/wp\/v2\/types\/page"}],"author":[{"embeddable":true,"href":"https:\/\/c-con.org\/index.php?rest_route=\/wp\/v2\/users\/2"}],"replies":[{"embeddable":true,"href":"https:\/\/c-con.org\/index.php?rest_route=%2Fwp%2Fv2%2Fcomments&post=330"}],"version-history":[{"count":65,"href":"https:\/\/c-con.org\/index.php?rest_route=\/wp\/v2\/pages\/330\/revisions"}],"predecessor-version":[{"id":800,"href":"https:\/\/c-con.org\/index.php?rest_route=\/wp\/v2\/pages\/330\/revisions\/800"}],"wp:attachment":[{"href":"https:\/\/c-con.org\/index.php?rest_route=%2Fwp%2Fv2%2Fmedia&parent=330"}],"curies":[{"name":"wp","href":"https:\/\/api.w.org\/{rel}","templated":true}]}}