{"id":320,"date":"2017-06-17T13:00:45","date_gmt":"2017-06-17T11:00:45","guid":{"rendered":"http:\/\/c-con.org\/?page_id=320"},"modified":"2026-03-19T15:18:01","modified_gmt":"2026-03-19T14:18:01","slug":"home-neu","status":"publish","type":"page","link":"https:\/\/c-con.org\/","title":{"rendered":"Home neu"},"content":{"rendered":"\n\t<section class=\"section\" id=\"section_1058297930\">\n\t\t<div class=\"bg section-bg fill bg-fill  bg-loaded\" >\n\n\t\t\t\n\t\t\t\n\t\t\t\n\n\t\t<\/div><!-- .section-bg -->\n\n\t\t<div class=\"section-content relative\">\n\t\t\t\n\n<div class=\"row\" style=\"max-width:1100px\" id=\"row-1877421529\">\n\n<div class=\"col medium-2 small-12 large-2\"  ><div class=\"col-inner\"  >\n\n\n<\/div><\/div>\n<div class=\"col medium-10 small-12 large-10\"  ><div class=\"col-inner\"  >\n\n<p><span style=\"color: #000000;\">Wir besch\u00e4ftigen uns mit nachhaltigen L\u00f6sungen f\u00fcr die Bauindustrie aus dem Werkstoff Basalt.<\/span><br><span style=\"color: #000000;\">Unsere Schwerpunkte sind innovative und nachhaltige L\u00f6sungen f\u00fcr die Bauindustrie und Bausanierung.<\/span><br><span style=\"color: #000000;\">Die Produktbereiche umfassen die Themen Befestigungssysteme (Traganker), Ri\u00dfbildungsverhinderung (Basaltmikrofasern), Armierungen (Basaltrebars), Gewebe und Gelege aus Basaltfaserverbundwerkstoff .<\/span><br><span style=\"color: #000000;\"><\/span><br><span style=\"color: #000000;\">Die f\u00fcr die Konstruktion und Befestigung verwendeten stahlfreien Materialien sind in der Zusammensetzung, Erzeugung und Entsorgung sortenrein und ressourcenschonend. Gegen\u00fcber herk\u00f6mmlichen Bewehrungselementen aus Stahl, Carbon oder Glasfaser besitzen Basaltfaserverbundprodukte in punkto Wirtschaftlichkeit und in vielen technischen Kennzahlen deutliche Vorteile.<\/span><br><span style=\"color: #000000;\">Besonders attraktiv ist die breite Einsatzm\u00f6glichkeit der Befestigungs- und Armierungselemente, da materialbedingt auch sehr leichte Konstruktionen mit hoher Belastung realisierbar sind.<\/span><\/p>\n<div class=\"slider-wrapper relative\" id=\"slider-1468691195\" >\n    <div class=\"slider slider-nav-circle slider-nav-large slider-nav-dark slider-style-shadow slider-show-nav\"\n        data-flickity-options='{\n            \"cellAlign\": \"center\",\n            \"imagesLoaded\": true,\n            \"lazyLoad\": 1,\n            \"freeScroll\": false,\n            \"wrapAround\": true,\n            \"autoPlay\": 6000,\n            \"pauseAutoPlayOnHover\" : true,\n            \"prevNextButtons\": true,\n            \"contain\" : true,\n            \"adaptiveHeight\" : true,\n            \"dragThreshold\" : 10,\n            \"percentPosition\": true,\n            \"pageDots\": true,\n            \"rightToLeft\": false,\n            \"draggable\": true,\n            \"selectedAttraction\": 0.1,\n            \"parallax\" : 0,\n            \"friction\": 0.6        }'\n        >\n        \n\n\t<div class=\"img has-hover x md-x lg-x y md-y lg-y\" id=\"image_700060905\">\n\t\t<a class=\"\" href=\"http:\/\/c-con.org\/?page_id=137\" target=\"_self\" >\t\t\t\t\t\t<div class=\"img-inner dark\" >\n\t\t\t<img loading=\"lazy\" decoding=\"async\" width=\"1020\" height=\"680\" src=\"https:\/\/c-con.org\/wp-content\/uploads\/2017\/06\/Rockfiber-077-1024x683.jpg\" class=\"attachment-large size-large\" alt=\"\" srcset=\"https:\/\/c-con.org\/wp-content\/uploads\/2017\/06\/Rockfiber-077-1024x683.jpg 1024w, https:\/\/c-con.org\/wp-content\/uploads\/2017\/06\/Rockfiber-077-300x200.jpg 300w, https:\/\/c-con.org\/wp-content\/uploads\/2017\/06\/Rockfiber-077-768x512.jpg 768w\" sizes=\"auto, (max-width: 1020px) 100vw, 1020px\" \/>\t\t\t\t\t\t\n\t\t\t\t\t<\/div>\n\t\t\t\t\t\t<\/a>\t\t\n<style scope=\"scope\">\n\n#image_700060905 {\n  width: 100%;\n}\n<\/style>\n\t<\/div>\n\t\n\n\t<div class=\"img has-hover x md-x lg-x y md-y lg-y\" id=\"image_837232230\">\n\t\t<a class=\"\" href=\"http:\/\/c-con.org\/?page_id=135\" target=\"_self\" >\t\t\t\t\t\t<div class=\"img-inner dark\" >\n\t\t\t<img loading=\"lazy\" decoding=\"async\" width=\"1020\" height=\"869\" src=\"https:\/\/c-con.org\/wp-content\/uploads\/2017\/06\/073-1-1024x872.jpg\" class=\"attachment-large size-large\" alt=\"\" srcset=\"https:\/\/c-con.org\/wp-content\/uploads\/2017\/06\/073-1-1024x872.jpg 1024w, https:\/\/c-con.org\/wp-content\/uploads\/2017\/06\/073-1-300x255.jpg 300w, https:\/\/c-con.org\/wp-content\/uploads\/2017\/06\/073-1-768x654.jpg 768w\" sizes=\"auto, (max-width: 1020px) 100vw, 1020px\" \/>\t\t\t\t\t\t\n\t\t\t\t\t<\/div>\n\t\t\t\t\t\t<\/a>\t\t\n<style scope=\"scope\">\n\n#image_837232230 {\n  width: 100%;\n}\n<\/style>\n\t<\/div>\n\t\n\n\t<div class=\"img has-hover x md-x lg-x y md-y lg-y\" id=\"image_1929915481\">\n\t\t<a class=\"\" href=\"http:\/\/c-con.org\/?page_id=135\" target=\"_self\" >\t\t\t\t\t\t<div class=\"img-inner dark\" >\n\t\t\t<img loading=\"lazy\" decoding=\"async\" width=\"1020\" height=\"680\" src=\"https:\/\/c-con.org\/wp-content\/uploads\/2017\/06\/09_05_17_Basalt-002-1024x683.jpg\" class=\"attachment-large size-large\" alt=\"\" srcset=\"https:\/\/c-con.org\/wp-content\/uploads\/2017\/06\/09_05_17_Basalt-002-1024x683.jpg 1024w, https:\/\/c-con.org\/wp-content\/uploads\/2017\/06\/09_05_17_Basalt-002-300x200.jpg 300w, https:\/\/c-con.org\/wp-content\/uploads\/2017\/06\/09_05_17_Basalt-002-768x512.jpg 768w\" sizes=\"auto, (max-width: 1020px) 100vw, 1020px\" \/>\t\t\t\t\t\t\n\t\t\t\t\t<\/div>\n\t\t\t\t\t\t<\/a>\t\t\n<style scope=\"scope\">\n\n#image_1929915481 {\n  width: 100%;\n}\n<\/style>\n\t<\/div>\n\t\n\n\t<div class=\"img has-hover x md-x lg-x y md-y lg-y\" id=\"image_44417142\">\n\t\t<a class=\"\" href=\"http:\/\/c-con.org\/?page_id=133\" target=\"_self\" >\t\t\t\t\t\t<div class=\"img-inner dark\" >\n\t\t\t<img loading=\"lazy\" decoding=\"async\" width=\"1020\" height=\"680\" src=\"https:\/\/c-con.org\/wp-content\/uploads\/2017\/06\/Rebar_11-1024x683.jpg\" class=\"attachment-large size-large\" alt=\"\" srcset=\"https:\/\/c-con.org\/wp-content\/uploads\/2017\/06\/Rebar_11-1024x683.jpg 1024w, https:\/\/c-con.org\/wp-content\/uploads\/2017\/06\/Rebar_11-300x200.jpg 300w, https:\/\/c-con.org\/wp-content\/uploads\/2017\/06\/Rebar_11-768x512.jpg 768w\" sizes=\"auto, (max-width: 1020px) 100vw, 1020px\" \/>\t\t\t\t\t\t\n\t\t\t\t\t<\/div>\n\t\t\t\t\t\t<\/a>\t\t\n<style scope=\"scope\">\n\n#image_44417142 {\n  width: 100%;\n}\n<\/style>\n\t<\/div>\n\t\n\n\t<div class=\"img has-hover x md-x lg-x y md-y lg-y\" id=\"image_1613581804\">\n\t\t<a class=\"\" href=\"http:\/\/c-con.org\/?page_id=519\" target=\"_self\" >\t\t\t\t\t\t<div class=\"img-inner dark\" >\n\t\t\t<img loading=\"lazy\" decoding=\"async\" width=\"1020\" height=\"680\" src=\"https:\/\/c-con.org\/wp-content\/uploads\/2017\/06\/015-1024x683.jpg\" class=\"attachment-large size-large\" alt=\"\" srcset=\"https:\/\/c-con.org\/wp-content\/uploads\/2017\/06\/015-1024x683.jpg 1024w, https:\/\/c-con.org\/wp-content\/uploads\/2017\/06\/015-300x200.jpg 300w, https:\/\/c-con.org\/wp-content\/uploads\/2017\/06\/015-768x512.jpg 768w\" sizes=\"auto, (max-width: 1020px) 100vw, 1020px\" \/>\t\t\t\t\t\t\n\t\t\t\t\t<\/div>\n\t\t\t\t\t\t<\/a>\t\t\n<style scope=\"scope\">\n\n#image_1613581804 {\n  width: 100%;\n}\n<\/style>\n\t<\/div>\n\t\n\n\t<div class=\"img has-hover x md-x lg-x y md-y lg-y\" id=\"image_793988902\">\n\t\t<a class=\"\" href=\"http:\/\/c-con.org\/?page_id=149\" target=\"_self\" >\t\t\t\t\t\t<div class=\"img-inner dark\" >\n\t\t\t<img loading=\"lazy\" decoding=\"async\" width=\"1020\" height=\"680\" src=\"https:\/\/c-con.org\/wp-content\/uploads\/2017\/06\/059-1024x683.jpg\" class=\"attachment-large size-large\" alt=\"\" srcset=\"https:\/\/c-con.org\/wp-content\/uploads\/2017\/06\/059-1024x683.jpg 1024w, https:\/\/c-con.org\/wp-content\/uploads\/2017\/06\/059-300x200.jpg 300w, https:\/\/c-con.org\/wp-content\/uploads\/2017\/06\/059-768x512.jpg 768w\" sizes=\"auto, (max-width: 1020px) 100vw, 1020px\" \/>\t\t\t\t\t\t\n\t\t\t\t\t<\/div>\n\t\t\t\t\t\t<\/a>\t\t\n<style scope=\"scope\">\n\n#image_793988902 {\n  width: 100%;\n}\n<\/style>\n\t<\/div>\n\t\n\n\t<div class=\"img has-hover x md-x lg-x y md-y lg-y\" id=\"image_1382069839\">\n\t\t<a class=\"\" href=\"http:\/\/c-con.org\/?page_id=288\" target=\"_self\" >\t\t\t\t\t\t<div class=\"img-inner dark\" >\n\t\t\t<img loading=\"lazy\" decoding=\"async\" width=\"640\" height=\"402\" src=\"https:\/\/c-con.org\/wp-content\/uploads\/2017\/06\/Wassertropfen-II.jpg\" class=\"attachment-large size-large\" alt=\"\" srcset=\"https:\/\/c-con.org\/wp-content\/uploads\/2017\/06\/Wassertropfen-II.jpg 640w, https:\/\/c-con.org\/wp-content\/uploads\/2017\/06\/Wassertropfen-II-300x188.jpg 300w\" sizes=\"auto, (max-width: 640px) 100vw, 640px\" \/>\t\t\t\t\t\t\n\t\t\t\t\t<\/div>\n\t\t\t\t\t\t<\/a>\t\t\n<style scope=\"scope\">\n\n#image_1382069839 {\n  width: 100%;\n}\n<\/style>\n\t<\/div>\n\t\n\n\t<div class=\"img has-hover x md-x lg-x y md-y lg-y\" id=\"image_730712635\">\n\t\t<a class=\"\" href=\"http:\/\/c-con.org\/?page_id=330\" target=\"_self\" >\t\t\t\t\t\t<div class=\"img-inner dark\" >\n\t\t\t<img loading=\"lazy\" decoding=\"async\" width=\"640\" height=\"378\" src=\"https:\/\/c-con.org\/wp-content\/uploads\/2017\/06\/john-lennon-wall-2194390_640.jpg\" class=\"attachment-large size-large\" alt=\"\" srcset=\"https:\/\/c-con.org\/wp-content\/uploads\/2017\/06\/john-lennon-wall-2194390_640.jpg 640w, https:\/\/c-con.org\/wp-content\/uploads\/2017\/06\/john-lennon-wall-2194390_640-300x177.jpg 300w\" sizes=\"auto, (max-width: 640px) 100vw, 640px\" \/>\t\t\t\t\t\t\n\t\t\t\t\t<\/div>\n\t\t\t\t\t\t<\/a>\t\t\n<style scope=\"scope\">\n\n#image_730712635 {\n  width: 100%;\n}\n<\/style>\n\t<\/div>\n\t\n\n\t<div class=\"img has-hover x md-x lg-x y md-y lg-y\" id=\"image_757437777\">\n\t\t<a class=\"\" href=\"http:\/\/c-con.org\/?page_id=137\" target=\"_self\" >\t\t\t\t\t\t<div class=\"img-inner dark\" >\n\t\t\t<img loading=\"lazy\" decoding=\"async\" width=\"300\" height=\"200\" src=\"https:\/\/c-con.org\/wp-content\/uploads\/2017\/06\/Rockfiber-112-300x200.jpg\" class=\"attachment-medium size-medium\" alt=\"\" srcset=\"https:\/\/c-con.org\/wp-content\/uploads\/2017\/06\/Rockfiber-112-300x200.jpg 300w, https:\/\/c-con.org\/wp-content\/uploads\/2017\/06\/Rockfiber-112-768x512.jpg 768w, https:\/\/c-con.org\/wp-content\/uploads\/2017\/06\/Rockfiber-112-1024x683.jpg 1024w\" sizes=\"auto, (max-width: 300px) 100vw, 300px\" \/>\t\t\t\t\t\t\n\t\t\t\t\t<\/div>\n\t\t\t\t\t\t<\/a>\t\t\n<style scope=\"scope\">\n\n#image_757437777 {\n  width: 100%;\n}\n<\/style>\n\t<\/div>\n\t\n\n\n     <\/div>\n\n     <div class=\"loading-spin dark large centered\"><\/div>\n\n     <style scope=\"scope\">\n                    #slider-1468691195 .flickity-slider > *{ max-width: 500px!important;\n              <\/style>\n<\/div><!-- .ux-slider-wrapper -->\n\n\n\n<\/div><\/div>\n\n\n<style scope=\"scope\">\n\n<\/style>\n<\/div>\n\n\t\t<\/div><!-- .section-content -->\n\n\t\t\n<style scope=\"scope\">\n\n#section_1058297930 {\n  padding-top: 0px;\n  padding-bottom: 0px;\n  margin-bottom: 0px;\n}\n<\/style>\n\t<\/section>\n\t\n","protected":false},"excerpt":{"rendered":"","protected":false},"author":2,"featured_media":0,"parent":0,"menu_order":0,"comment_status":"closed","ping_status":"closed","template":"","meta":{"footnotes":""},"class_list":["post-320","page","type-page","status-publish","hentry"],"_links":{"self":[{"href":"https:\/\/c-con.org\/index.php?rest_route=\/wp\/v2\/pages\/320","targetHints":{"allow":["GET"]}}],"collection":[{"href":"https:\/\/c-con.org\/index.php?rest_route=\/wp\/v2\/pages"}],"about":[{"href":"https:\/\/c-con.org\/index.php?rest_route=\/wp\/v2\/types\/page"}],"author":[{"embeddable":true,"href":"https:\/\/c-con.org\/index.php?rest_route=\/wp\/v2\/users\/2"}],"replies":[{"embeddable":true,"href":"https:\/\/c-con.org\/index.php?rest_route=%2Fwp%2Fv2%2Fcomments&post=320"}],"version-history":[{"count":87,"href":"https:\/\/c-con.org\/index.php?rest_route=\/wp\/v2\/pages\/320\/revisions"}],"predecessor-version":[{"id":814,"href":"https:\/\/c-con.org\/index.php?rest_route=\/wp\/v2\/pages\/320\/revisions\/814"}],"wp:attachment":[{"href":"https:\/\/c-con.org\/index.php?rest_route=%2Fwp%2Fv2%2Fmedia&parent=320"}],"curies":[{"name":"wp","href":"https:\/\/api.w.org\/{rel}","templated":true}]}}