{"id":272,"date":"2017-06-14T12:54:38","date_gmt":"2017-06-14T12:54:38","guid":{"rendered":"http:\/\/c-con.org\/?page_id=272"},"modified":"2026-03-27T13:16:29","modified_gmt":"2026-03-27T12:16:29","slug":"__trashed-3","status":"publish","type":"page","link":"https:\/\/c-con.org\/?page_id=272","title":{"rendered":"Armierungen"},"content":{"rendered":"\n\t<section class=\"section\" id=\"section_1410760525\">\n\t\t<div class=\"bg section-bg fill bg-fill  bg-loaded\" >\n\n\t\t\t\n\t\t\t\n\t\t\t\n\n\t\t<\/div><!-- .section-bg -->\n\n\t\t<div class=\"section-content relative\">\n\t\t\t\n\n<div class=\"row\" style=\"max-width:1100px\" id=\"row-1080384350\">\n\n<div class=\"col small-12 large-12\"  ><div class=\"col-inner\"  >\n\n<p>&nbsp;<\/p>\n<p><span style=\"font-size: 110%; color: #000000;\"><strong>Armierungen<\/strong> von C-Con aus Basaltfasern ersetzen die herk\u00f6mmlichen Stahlarmierungen und haben diesen gegen\u00fcber wesentliche Vorteile. <\/span><br><span style=\"font-size: 110%; color: #000000;\">Sie besitzen eine hervorragende Korrosions- und ausgezeichnete Alkalibest\u00e4ndigkeit, welche von keinem anderen Faserverbundmaterial erreicht wird und auf der Entwicklung einer speziellen Harzmatrix beruht.&nbsp; Basaltrebars sind zugfester und leichter als Stahlarmierungen, die Dichte betr\u00e4gt ca. \u00bc der Stahlst\u00e4be. Durch die \u00e4u\u00dferst geringe W\u00e4rmeleitf\u00e4higkeit k\u00f6nnen keine K\u00e4ltebr\u00fccken entstehen. Der hohe elektrische Widerstand erm\u00f6glicht Anwendungen in Hochspannungsumgebungen.<\/span><\/p>\n\n<\/div><\/div>\n\n\n<style scope=\"scope\">\n\n<\/style>\n<\/div>\n<div class=\"row\"  id=\"row-1400844667\">\n\n<div class=\"col medium-4 small-12 large-4\"  ><div class=\"col-inner\"  >\n\n<p><span style=\"font-family: tahoma,arial,helvetica,sans-serif; color: #000000;\"><a href=\"http:\/\/c-con.org\/?page_id=135\" data-wplink-edit=\"true\"><strong>Rockstix<\/strong> werden mit einem Anteil von 1% bis 3% in fl\u00fcssigen Beton eingemischt. Dadurch kann die Rissbildung reduziert, und die Biegesteifigkeit des Betons wesentlich verbessert werden.<\/a><\/span><\/p>\n\t<div class=\"img has-hover x md-x lg-x y md-y lg-y\" id=\"image_844071066\">\n\t\t<a class=\"\" href=\"http:\/\/c-con.org\/?page_id=135\" target=\"_self\" >\t\t\t\t\t\t<div class=\"img-inner image-zoom image-cover dark\" style=\"padding-top:60%;\">\n\t\t\t<img loading=\"lazy\" decoding=\"async\" width=\"1020\" height=\"869\" src=\"https:\/\/c-con.org\/wp-content\/uploads\/2017\/06\/072-1024x872.jpg\" class=\"attachment-large size-large\" alt=\"\" srcset=\"https:\/\/c-con.org\/wp-content\/uploads\/2017\/06\/072-1024x872.jpg 1024w, https:\/\/c-con.org\/wp-content\/uploads\/2017\/06\/072-300x255.jpg 300w, https:\/\/c-con.org\/wp-content\/uploads\/2017\/06\/072-768x654.jpg 768w, https:\/\/c-con.org\/wp-content\/uploads\/2017\/06\/072.jpg 1990w\" sizes=\"auto, (max-width: 1020px) 100vw, 1020px\" \/>\t\t\t\t\t\t\n\t\t\t\t\t<\/div>\n\t\t\t\t\t\t<\/a>\t\t\n<style scope=\"scope\">\n\n#image_844071066 {\n  width: 100%;\n}\n<\/style>\n\t<\/div>\n\t\n\n\t<div class=\"img has-hover x md-x lg-x y md-y lg-y\" id=\"image_1070211768\">\n\t\t<a class=\"\" href=\"http:\/\/c-con.org\/?page_id=135\" target=\"_self\" >\t\t\t\t\t\t<div class=\"img-inner dark\" >\n\t\t\t\t\t\t\t\t\t\n\t\t\t\t\t<\/div>\n\t\t\t\t\t\t<\/a>\t\t\n<style scope=\"scope\">\n\n#image_1070211768 {\n  width: 100%;\n}\n<\/style>\n\t<\/div>\n\t\n\n\n<\/div><\/div>\n<div class=\"col medium-4 small-12 large-4\"  ><div class=\"col-inner\"  >\n\n<p><span style=\"font-family: tahoma,arial,helvetica,sans-serif; color: #000000;\"><a href=\"http:\/\/c-con.org\/?page_id=133\"><strong>Rockbars<\/strong> ersetzen in vielen F\u00e4llen die klassische Stahlarmierung. Sie sind korossionsstabil, haben eine sehr niedrige W\u00e4rmeleitung und sind elektrisch isolierend.<\/a><\/span><\/p>\n\t<div class=\"img has-hover x md-x lg-x y md-y lg-y\" id=\"image_2061232280\">\n\t\t<a class=\"\" href=\"http:\/\/c-con.org\/?page_id=133\" target=\"_self\" >\t\t\t\t\t\t<div class=\"img-inner image-zoom dark\" >\n\t\t\t<img loading=\"lazy\" decoding=\"async\" width=\"1020\" height=\"680\" src=\"https:\/\/c-con.org\/wp-content\/uploads\/2017\/06\/Rebar_11-1024x683.jpg\" class=\"attachment-large size-large\" alt=\"\" srcset=\"https:\/\/c-con.org\/wp-content\/uploads\/2017\/06\/Rebar_11-1024x683.jpg 1024w, https:\/\/c-con.org\/wp-content\/uploads\/2017\/06\/Rebar_11-300x200.jpg 300w, https:\/\/c-con.org\/wp-content\/uploads\/2017\/06\/Rebar_11-768x512.jpg 768w\" sizes=\"auto, (max-width: 1020px) 100vw, 1020px\" \/>\t\t\t\t\t\t\n\t\t\t\t\t<\/div>\n\t\t\t\t\t\t<\/a>\t\t\n<style scope=\"scope\">\n\n#image_2061232280 {\n  width: 100%;\n}\n<\/style>\n\t<\/div>\n\t\n\n\n<\/div><\/div>\n<div class=\"col medium-4 small-12 large-4\"  ><div class=\"col-inner\"  >\n\n<p><span style=\"font-family: tahoma,arial,helvetica,sans-serif; color: #000000;\"><a href=\"http:\/\/c-con.org\/?page_id=137\"><strong>Rockfibers<\/strong> werden f\u00fcr die Verst\u00e4rkung von Estrichen und Wandputzen, sowie auch in Verbindung mit Harzsystemen eingesetzt und verhindern Rissbildungen. Eine Zulassung wurde erteilt.<\/a><\/span><\/p>\n\t<div class=\"img has-hover x md-x lg-x y md-y lg-y\" id=\"image_2012119846\">\n\t\t<a class=\"\" href=\"http:\/\/c-con.org\/?page_id=137\" target=\"_self\" >\t\t\t\t\t\t<div class=\"img-inner image-zoom dark\" >\n\t\t\t<img loading=\"lazy\" decoding=\"async\" width=\"1020\" height=\"680\" src=\"https:\/\/c-con.org\/wp-content\/uploads\/2017\/06\/Rockfiber-078-1024x683.jpg\" class=\"attachment-large size-large\" alt=\"\" srcset=\"https:\/\/c-con.org\/wp-content\/uploads\/2017\/06\/Rockfiber-078-1024x683.jpg 1024w, https:\/\/c-con.org\/wp-content\/uploads\/2017\/06\/Rockfiber-078-300x200.jpg 300w, https:\/\/c-con.org\/wp-content\/uploads\/2017\/06\/Rockfiber-078-768x512.jpg 768w\" sizes=\"auto, (max-width: 1020px) 100vw, 1020px\" \/>\t\t\t\t\t\t\n\t\t\t\t\t<\/div>\n\t\t\t\t\t\t<\/a>\t\t\n<style scope=\"scope\">\n\n#image_2012119846 {\n  width: 100%;\n}\n<\/style>\n\t<\/div>\n\t\n\n\n<\/div><\/div>\n\n<\/div>\n\n\t\t<\/div><!-- .section-content -->\n\n\t\t\n<style scope=\"scope\">\n\n#section_1410760525 {\n  padding-top: 30px;\n  padding-bottom: 30px;\n}\n<\/style>\n\t<\/section>\n\t\n","protected":false},"excerpt":{"rendered":"","protected":false},"author":2,"featured_media":0,"parent":0,"menu_order":0,"comment_status":"closed","ping_status":"closed","template":"page-blank.php","meta":{"footnotes":""},"class_list":["post-272","page","type-page","status-publish","hentry"],"_links":{"self":[{"href":"https:\/\/c-con.org\/index.php?rest_route=\/wp\/v2\/pages\/272","targetHints":{"allow":["GET"]}}],"collection":[{"href":"https:\/\/c-con.org\/index.php?rest_route=\/wp\/v2\/pages"}],"about":[{"href":"https:\/\/c-con.org\/index.php?rest_route=\/wp\/v2\/types\/page"}],"author":[{"embeddable":true,"href":"https:\/\/c-con.org\/index.php?rest_route=\/wp\/v2\/users\/2"}],"replies":[{"embeddable":true,"href":"https:\/\/c-con.org\/index.php?rest_route=%2Fwp%2Fv2%2Fcomments&post=272"}],"version-history":[{"count":68,"href":"https:\/\/c-con.org\/index.php?rest_route=\/wp\/v2\/pages\/272\/revisions"}],"predecessor-version":[{"id":841,"href":"https:\/\/c-con.org\/index.php?rest_route=\/wp\/v2\/pages\/272\/revisions\/841"}],"wp:attachment":[{"href":"https:\/\/c-con.org\/index.php?rest_route=%2Fwp%2Fv2%2Fmedia&parent=272"}],"curies":[{"name":"wp","href":"https:\/\/api.w.org\/{rel}","templated":true}]}}