{"id":137,"date":"2017-06-13T12:46:27","date_gmt":"2017-06-13T12:46:27","guid":{"rendered":"http:\/\/c-con.org\/?page_id=137"},"modified":"2026-03-16T14:48:38","modified_gmt":"2026-03-16T13:48:38","slug":"rockfiber","status":"publish","type":"page","link":"https:\/\/c-con.org\/?page_id=137","title":{"rendered":"Rockfiber"},"content":{"rendered":"\n<p><span style=\"font-family: tahoma,arial,helvetica,sans-serif; color: #282828;\">Rockfibers sind beschichtete Basaltfasern zur Rissverhinderung mit einer speziellen alkalifesten Beschichtung. <br><\/span><span style=\"font-family: tahoma,arial,helvetica,sans-serif; color: #282828;\">Die Beschichtung bewirkt neben dem Alkalischutz eine hervorragende chemische Anbindung an alle g\u00e4ngigen Betontypen, Estriche und Putze. Die h\u00f6heren Festigkeiten gegen\u00fcber AR-Glasfasern und die kostenoptimale Produktion ergeben eine technisch \u00fcberlegene und kosteng\u00fcnstige Alternative zu AR-Glasfasern. Die Fasern gibt es in verschiedenen L\u00e4ngen. Eine allgemeine bauaufsichtliche Zulassung des DIBT liegt vor.<br><\/span><\/p>\n<div class=\"row\"  id=\"row-1330172331\">\n\n<div class=\"col medium-4 small-12 large-4\"  ><div class=\"col-inner\"  >\n\n\t<div class=\"img has-hover x md-x lg-x y md-y lg-y\" id=\"image_921933763\">\n\t\t\t\t\t\t\t\t<div class=\"img-inner dark\" >\n\t\t\t<img loading=\"lazy\" decoding=\"async\" width=\"1020\" height=\"680\" src=\"https:\/\/c-con.org\/wp-content\/uploads\/2017\/06\/Rockfiber-077-1024x683.jpg\" class=\"attachment-large size-large\" alt=\"\" srcset=\"https:\/\/c-con.org\/wp-content\/uploads\/2017\/06\/Rockfiber-077-1024x683.jpg 1024w, https:\/\/c-con.org\/wp-content\/uploads\/2017\/06\/Rockfiber-077-300x200.jpg 300w, https:\/\/c-con.org\/wp-content\/uploads\/2017\/06\/Rockfiber-077-768x512.jpg 768w\" sizes=\"auto, (max-width: 1020px) 100vw, 1020px\" \/>\t\t\t\t\t\t\n\t\t\t\t\t<\/div>\n\t\t\t\t\t\t\t\t\n<style scope=\"scope\">\n\n#image_921933763 {\n  width: 100%;\n}\n<\/style>\n\t<\/div>\n\t\n\n\n<\/div><\/div>\n<div class=\"col medium-4 small-12 large-4\"  ><div class=\"col-inner\"  >\n\n\t<div class=\"img has-hover x md-x lg-x y md-y lg-y\" id=\"image_237516741\">\n\t\t\t\t\t\t\t\t<div class=\"img-inner image-cover dark\" style=\"padding-top:67%;margin:0px 0px 0px 0px;\">\n\t\t\t<img loading=\"lazy\" decoding=\"async\" width=\"1020\" height=\"866\" src=\"https:\/\/c-con.org\/wp-content\/uploads\/2017\/06\/Rockfiber-nah-1024x869.jpg\" class=\"attachment-large size-large\" alt=\"\" srcset=\"https:\/\/c-con.org\/wp-content\/uploads\/2017\/06\/Rockfiber-nah-1024x869.jpg 1024w, https:\/\/c-con.org\/wp-content\/uploads\/2017\/06\/Rockfiber-nah-300x255.jpg 300w, https:\/\/c-con.org\/wp-content\/uploads\/2017\/06\/Rockfiber-nah-768x652.jpg 768w\" sizes=\"auto, (max-width: 1020px) 100vw, 1020px\" \/>\t\t\t\t\t\t\n\t\t\t\t\t<\/div>\n\t\t\t\t\t\t\t\t\n<style scope=\"scope\">\n\n#image_237516741 {\n  width: 100%;\n}\n<\/style>\n\t<\/div>\n\t\n\n\n<\/div><\/div>\n<div class=\"col medium-4 small-12 large-4\"  ><div class=\"col-inner\"  >\n\n\t<div class=\"img has-hover x md-x lg-x y md-y lg-y\" id=\"image_982412085\">\n\t\t\t\t\t\t\t\t<div class=\"img-inner dark\" >\n\t\t\t<img loading=\"lazy\" decoding=\"async\" width=\"1020\" height=\"680\" src=\"https:\/\/c-con.org\/wp-content\/uploads\/2017\/06\/Rockfiber-113-1024x683.jpg\" class=\"attachment-large size-large\" alt=\"\" srcset=\"https:\/\/c-con.org\/wp-content\/uploads\/2017\/06\/Rockfiber-113-1024x683.jpg 1024w, https:\/\/c-con.org\/wp-content\/uploads\/2017\/06\/Rockfiber-113-300x200.jpg 300w, https:\/\/c-con.org\/wp-content\/uploads\/2017\/06\/Rockfiber-113-768x512.jpg 768w\" sizes=\"auto, (max-width: 1020px) 100vw, 1020px\" \/>\t\t\t\t\t\t\n\t\t\t\t\t<\/div>\n\t\t\t\t\t\t\t\t\n<style scope=\"scope\">\n\n#image_982412085 {\n  width: 100%;\n}\n<\/style>\n\t<\/div>\n\t\n\n\n<\/div><\/div>\n\n<\/div>\n","protected":false},"excerpt":{"rendered":"<p>Rockfibers sind beschichtete Basaltfasern zur Rissverhinderung mit einer speziellen alkalifesten Beschichtung. Die Beschichtung bewirkt neben dem Alkalischutz eine hervorragende chemische Anbindung an alle g\u00e4ngigen Betontypen, Estriche und Putze. Die h\u00f6heren Festigkeiten gegen\u00fcber AR-Glasfasern und die kostenoptimale Produktion ergeben eine technisch \u00fcberlegene und kosteng\u00fcnstige Alternative zu AR-Glasfasern. Die Fasern gibt es in verschiedenen L\u00e4ngen. Eine allgemeine [&#8230;]\n","protected":false},"author":2,"featured_media":0,"parent":272,"menu_order":0,"comment_status":"closed","ping_status":"closed","template":"","meta":{"footnotes":""},"class_list":["post-137","page","type-page","status-publish","hentry"],"_links":{"self":[{"href":"https:\/\/c-con.org\/index.php?rest_route=\/wp\/v2\/pages\/137","targetHints":{"allow":["GET"]}}],"collection":[{"href":"https:\/\/c-con.org\/index.php?rest_route=\/wp\/v2\/pages"}],"about":[{"href":"https:\/\/c-con.org\/index.php?rest_route=\/wp\/v2\/types\/page"}],"author":[{"embeddable":true,"href":"https:\/\/c-con.org\/index.php?rest_route=\/wp\/v2\/users\/2"}],"replies":[{"embeddable":true,"href":"https:\/\/c-con.org\/index.php?rest_route=%2Fwp%2Fv2%2Fcomments&post=137"}],"version-history":[{"count":8,"href":"https:\/\/c-con.org\/index.php?rest_route=\/wp\/v2\/pages\/137\/revisions"}],"predecessor-version":[{"id":778,"href":"https:\/\/c-con.org\/index.php?rest_route=\/wp\/v2\/pages\/137\/revisions\/778"}],"up":[{"embeddable":true,"href":"https:\/\/c-con.org\/index.php?rest_route=\/wp\/v2\/pages\/272"}],"wp:attachment":[{"href":"https:\/\/c-con.org\/index.php?rest_route=%2Fwp%2Fv2%2Fmedia&parent=137"}],"curies":[{"name":"wp","href":"https:\/\/api.w.org\/{rel}","templated":true}]}}