{"id":135,"date":"2017-06-13T12:42:06","date_gmt":"2017-06-13T12:42:06","guid":{"rendered":"http:\/\/c-con.org\/?page_id=135"},"modified":"2026-03-27T14:05:47","modified_gmt":"2026-03-27T13:05:47","slug":"rockstix","status":"publish","type":"page","link":"https:\/\/c-con.org\/?page_id=135","title":{"rendered":"Rockstix"},"content":{"rendered":"<p><span style=\"font-family: tahoma,arial,helvetica,sans-serif; color: #282828;\">Rockstix werden als Verst\u00e4rkungsmaterial im Beton eingesetzt. Sie sind korrosionsbest\u00e4ndig und haben das gleiche spezifische Gewicht wie Beton, so dass automatisches Einmischen bis zu einer L\u00e4nge von 50mm in Beton problemlos m\u00f6glich ist. <\/span><br \/><span style=\"font-family: tahoma,arial,helvetica,sans-serif; color: #282828;\">Aufgrund der hohen Zugfestigkeit, der Hinterschnitte an der Oberfl\u00e4che sowie der speziellen Beschichtung werden Rockstix hervorragend in den Beton eingebunden. <br \/>Das Erm\u00fcdungsverhalten und Kriechverhalten des Betons werden wesentlich verbessert, das Gleiche gilt f\u00fcr die Schlagz\u00e4higkeit.<br \/>Die Biegesteifigkeit erh\u00f6ht sich je nach L\u00e4nge der eingesetzten Rockstix um \u00fcber 400%.<\/span><\/p>\n<div class=\"row\"  id=\"row-600971372\">\n<div class=\"col medium-4 small-12 large-4\"  ><div class=\"col-inner\"  >\n\t<div class=\"img has-hover x md-x lg-x y md-y lg-y\" id=\"image_2041171091\">\n\t\t\t\t\t\t\t\t<div class=\"img-inner image-zoom dark\" >\n\t\t\t<img loading=\"lazy\" decoding=\"async\" width=\"1020\" height=\"680\" src=\"https:\/\/c-con.org\/wp-content\/uploads\/2017\/06\/09_05_17_Beton-mit-Rockstix-016-1024x683.jpg\" class=\"attachment-large size-large\" alt=\"\" srcset=\"https:\/\/c-con.org\/wp-content\/uploads\/2017\/06\/09_05_17_Beton-mit-Rockstix-016-1024x683.jpg 1024w, https:\/\/c-con.org\/wp-content\/uploads\/2017\/06\/09_05_17_Beton-mit-Rockstix-016-300x200.jpg 300w, https:\/\/c-con.org\/wp-content\/uploads\/2017\/06\/09_05_17_Beton-mit-Rockstix-016-768x512.jpg 768w\" sizes=\"auto, (max-width: 1020px) 100vw, 1020px\" \/>\t\t\t\t\t\t\n\t\t\t\t\t<\/div>\n\t\t\t\t\t\t\t\t\n<style scope=\"scope\">\n\n#image_2041171091 {\n  width: 100%;\n}\n<\/style>\n\t<\/div>\n\t\n<\/div><\/div>\n<div class=\"col medium-4 small-12 large-4\"  ><div class=\"col-inner\"  >\n\t<div class=\"img has-hover x md-x lg-x y md-y lg-y\" id=\"image_453430828\">\n\t\t\t\t\t\t\t\t<div class=\"img-inner image-zoom dark\" >\n\t\t\t<img loading=\"lazy\" decoding=\"async\" width=\"1020\" height=\"680\" src=\"https:\/\/c-con.org\/wp-content\/uploads\/2017\/06\/Rockstix04-1024x683.jpg\" class=\"attachment-large size-large\" alt=\"\" srcset=\"https:\/\/c-con.org\/wp-content\/uploads\/2017\/06\/Rockstix04-1024x683.jpg 1024w, https:\/\/c-con.org\/wp-content\/uploads\/2017\/06\/Rockstix04-300x200.jpg 300w, https:\/\/c-con.org\/wp-content\/uploads\/2017\/06\/Rockstix04-768x512.jpg 768w\" sizes=\"auto, (max-width: 1020px) 100vw, 1020px\" \/>\t\t\t\t\t\t\n\t\t\t\t\t<\/div>\n\t\t\t\t\t\t\t\t\n<style scope=\"scope\">\n\n#image_453430828 {\n  width: 100%;\n}\n<\/style>\n\t<\/div>\n\t\n<\/div><\/div>\n<div class=\"col medium-4 small-12 large-4\"  ><div class=\"col-inner\"  >\n\t<div class=\"img has-hover x md-x lg-x y md-y lg-y\" id=\"image_1794442039\">\n\t\t\t\t\t\t\t\t<div class=\"img-inner image-zoom dark\" >\n\t\t\t<img loading=\"lazy\" decoding=\"async\" width=\"1020\" height=\"666\" src=\"https:\/\/c-con.org\/wp-content\/uploads\/2018\/01\/Rockstixs-Biegebruchspannung-1-1024x669.png\" class=\"attachment-large size-large\" alt=\"\" srcset=\"https:\/\/c-con.org\/wp-content\/uploads\/2018\/01\/Rockstixs-Biegebruchspannung-1-1024x669.png 1024w, https:\/\/c-con.org\/wp-content\/uploads\/2018\/01\/Rockstixs-Biegebruchspannung-1-300x196.png 300w, https:\/\/c-con.org\/wp-content\/uploads\/2018\/01\/Rockstixs-Biegebruchspannung-1-768x502.png 768w, https:\/\/c-con.org\/wp-content\/uploads\/2018\/01\/Rockstixs-Biegebruchspannung-1.png 1531w\" sizes=\"auto, (max-width: 1020px) 100vw, 1020px\" \/>\t\t\t\t\t\t\n\t\t\t\t\t<\/div>\n\t\t\t\t\t\t\t\t\n<style scope=\"scope\">\n\n#image_1794442039 {\n  width: 100%;\n}\n<\/style>\n\t<\/div>\n\t\n<\/div><\/div>\n<\/div>\n","protected":false},"excerpt":{"rendered":"<p>Rockstix werden als Verst\u00e4rkungsmaterial im Beton eingesetzt. Sie sind korrosionsbest\u00e4ndig und haben das gleiche spezifische Gewicht wie Beton, so dass automatisches Einmischen bis zu einer L\u00e4nge von 50mm in Beton problemlos m\u00f6glich ist. Aufgrund der hohen Zugfestigkeit, der Hinterschnitte an der Oberfl\u00e4che sowie der speziellen Beschichtung werden Rockstix hervorragend in den Beton eingebunden. Das Erm\u00fcdungsverhalten [&#8230;]\n","protected":false},"author":2,"featured_media":0,"parent":272,"menu_order":0,"comment_status":"closed","ping_status":"closed","template":"","meta":{"footnotes":""},"class_list":["post-135","page","type-page","status-publish","hentry"],"_links":{"self":[{"href":"https:\/\/c-con.org\/index.php?rest_route=\/wp\/v2\/pages\/135","targetHints":{"allow":["GET"]}}],"collection":[{"href":"https:\/\/c-con.org\/index.php?rest_route=\/wp\/v2\/pages"}],"about":[{"href":"https:\/\/c-con.org\/index.php?rest_route=\/wp\/v2\/types\/page"}],"author":[{"embeddable":true,"href":"https:\/\/c-con.org\/index.php?rest_route=\/wp\/v2\/users\/2"}],"replies":[{"embeddable":true,"href":"https:\/\/c-con.org\/index.php?rest_route=%2Fwp%2Fv2%2Fcomments&post=135"}],"version-history":[{"count":21,"href":"https:\/\/c-con.org\/index.php?rest_route=\/wp\/v2\/pages\/135\/revisions"}],"predecessor-version":[{"id":732,"href":"https:\/\/c-con.org\/index.php?rest_route=\/wp\/v2\/pages\/135\/revisions\/732"}],"up":[{"embeddable":true,"href":"https:\/\/c-con.org\/index.php?rest_route=\/wp\/v2\/pages\/272"}],"wp:attachment":[{"href":"https:\/\/c-con.org\/index.php?rest_route=%2Fwp%2Fv2%2Fmedia&parent=135"}],"curies":[{"name":"wp","href":"https:\/\/api.w.org\/{rel}","templated":true}]}}