{"id":133,"date":"2017-06-13T12:41:45","date_gmt":"2017-06-13T12:41:45","guid":{"rendered":"http:\/\/c-con.org\/?page_id=133"},"modified":"2026-03-27T14:05:36","modified_gmt":"2026-03-27T13:05:36","slug":"rebars","status":"publish","type":"page","link":"https:\/\/c-con.org\/?page_id=133","title":{"rendered":"Rockbar"},"content":{"rendered":"<div class=\"row\"  id=\"row-157471161\">\n<div class=\"col medium-6 small-12 large-6\"  ><div class=\"col-inner\"  >\n<p><span style=\"color: #000000; font-size: 120%; font-family: tahoma,arial,helvetica,sans-serif;\">Armierungen aus Basaltfasern ersetzen die herk\u00f6mmlichen Stahlarmierungen und haben diesen gegen\u00fcber wesentliche Vorteile.<\/span><\/p>\n<p><span style=\"color: #000000; font-size: 120%; font-family: tahoma,arial,helvetica,sans-serif;\">Die Armierungen haben eine ausgezeichnete Korrosionsbest\u00e4ndigkeit in Alkali, S\u00e4uren, L\u00f6semitteln und unter aggressiven Umwelteinfl\u00fcssen. Sie sind 3x zugfester und fast 4x leichter Stahlarmierungen und haben eine minimale W\u00e4rmeleitf\u00e4higkeit. Am Ende der Lebensdauer des Bauwerks kann das Material zusammen mit dem Beton sortenrein entsorgt werden da Basaltfasern zu 100% aus Lavastein bestehen.<br \/>Damit sind Basaltarmierungen das ideale Material f\u00fcr eine stahlfreie Bewehrung f\u00fcr Neubauten sowie f\u00fcr die Bausanierung.<\/span><\/p>\n<p><span style=\"font-size: 120%; font-family: tahoma,arial,helvetica,sans-serif; color: #000000;\">\u00a0<\/span><\/p>\n<\/div><\/div>\n<div class=\"col medium-6 small-12 large-6\"  ><div class=\"col-inner\"  >\n\t<div class=\"img has-hover x md-x lg-x y md-y lg-y\" id=\"image_1680988473\">\n\t\t\t\t\t\t\t\t<div class=\"img-inner dark\" >\n\t\t\t<img loading=\"lazy\" decoding=\"async\" width=\"300\" height=\"200\" src=\"https:\/\/c-con.org\/wp-content\/uploads\/2017\/06\/Rebar_11-300x200.jpg\" class=\"attachment-medium size-medium\" alt=\"\" srcset=\"https:\/\/c-con.org\/wp-content\/uploads\/2017\/06\/Rebar_11-300x200.jpg 300w, https:\/\/c-con.org\/wp-content\/uploads\/2017\/06\/Rebar_11-768x512.jpg 768w, https:\/\/c-con.org\/wp-content\/uploads\/2017\/06\/Rebar_11-1024x683.jpg 1024w\" sizes=\"auto, (max-width: 300px) 100vw, 300px\" \/>\t\t\t\t\t\t\n\t\t\t\t\t<\/div>\n\t\t\t\t\t\t\t\t\n<style scope=\"scope\">\n\n#image_1680988473 {\n  width: 100%;\n}\n<\/style>\n\t<\/div>\n\t\n<\/div><\/div>\n<\/div>\n","protected":false},"excerpt":{"rendered":"","protected":false},"author":2,"featured_media":0,"parent":272,"menu_order":0,"comment_status":"closed","ping_status":"closed","template":"","meta":{"footnotes":""},"class_list":["post-133","page","type-page","status-publish","hentry"],"_links":{"self":[{"href":"https:\/\/c-con.org\/index.php?rest_route=\/wp\/v2\/pages\/133","targetHints":{"allow":["GET"]}}],"collection":[{"href":"https:\/\/c-con.org\/index.php?rest_route=\/wp\/v2\/pages"}],"about":[{"href":"https:\/\/c-con.org\/index.php?rest_route=\/wp\/v2\/types\/page"}],"author":[{"embeddable":true,"href":"https:\/\/c-con.org\/index.php?rest_route=\/wp\/v2\/users\/2"}],"replies":[{"embeddable":true,"href":"https:\/\/c-con.org\/index.php?rest_route=%2Fwp%2Fv2%2Fcomments&post=133"}],"version-history":[{"count":10,"href":"https:\/\/c-con.org\/index.php?rest_route=\/wp\/v2\/pages\/133\/revisions"}],"predecessor-version":[{"id":566,"href":"https:\/\/c-con.org\/index.php?rest_route=\/wp\/v2\/pages\/133\/revisions\/566"}],"up":[{"embeddable":true,"href":"https:\/\/c-con.org\/index.php?rest_route=\/wp\/v2\/pages\/272"}],"wp:attachment":[{"href":"https:\/\/c-con.org\/index.php?rest_route=%2Fwp%2Fv2%2Fmedia&parent=133"}],"curies":[{"name":"wp","href":"https:\/\/api.w.org\/{rel}","templated":true}]}}